{"id":244,"date":"2024-01-13T18:20:54","date_gmt":"2024-01-13T18:20:54","guid":{"rendered":"http:\/\/biblioteca2.local\/?page_id=244"},"modified":"2024-01-13T18:20:54","modified_gmt":"2024-01-13T18:20:54","slug":"bibliotecas-virtuaes","status":"publish","type":"page","link":"https:\/\/biblioteca.ciesas.edu.mx\/?page_id=244","title":{"rendered":"Bibliotecas virtuales"},"content":{"rendered":"<p><i class=\"fas fa-book-open-reader\"><\/i> <a href=\"https:\/\/bnm.iib.unam.mx\/\" target=\"_blank\" rel=\"noopener\">  Biblioteca Nacional Digital de M\u00e9xico. <\/a><br \/>\n<i class=\"fas fa-book-open-reader\"><\/i>\u00a0<a href=\"https:\/\/www.inegi.org.mx\/default.html\" target=\"_blank\" rel=\"noopener\">  INEGI<\/a>.<br \/>\n<i class=\"fas fa-book-open-reader\"><\/i> <a href=\"http:\/\/bibliotecadigital.ilce.edu.mx\/\" target=\"_blank\" rel=\"noopener\">  Biblioteca digital del ILCE<\/a>.<br \/>\n<i class=\"fas fa-book-open-reader\"><\/i> <a href=\"http:\/\/www.cervantesvirtual.com\/\" target=\"_blank\" rel=\"noopener\">  Biblioteca Miguel de Cervantes <\/a><br \/>\n<i class=\"fas fa-book-open-reader\"><\/i> <a href=\"http:\/\/www.loc.gov\/rr\/hispanic\/sala\/\" target=\"_blank\" rel=\"noopener\">  Sala Hisp\u00e1nica de Lectura<\/a>.<br \/>\n<i class=\"fas fa-book-open-reader\"><\/i> <a href=\"http:\/\/www.bdtd.uerj.br\/\" target=\"_blank\" rel=\"noopener\">  Biblioteca Digital de Teses e dissertacoes da UERJ <\/a><br \/>\n<i class=\"fas fa-book-open-reader\"><\/i> <a href=\"http:\/\/www.bne.es\/es\/Catalogos\/BibliotecaDigitalHispanica\/Inicio\/index.html\" target=\"_blank\" rel=\"noopener\">  Biblioteca Digital Hisp\u00e1nica<\/a>.<br \/>\n<i class=\"fas fa-book-open-reader\"><\/i> <a href=\"http:\/\/www.biblioteca.clacso.edu.ar\/\" target=\"_blank\" rel=\"noopener\">  Biblioteca Virtual de Ciencias Sociales CLACSO <\/a><br \/>\n<i class=\"fas fa-book-open-reader\"><\/i> <a href=\"http:\/\/gallica.bnf.fr\/\" target=\"_blank\" rel=\"noopener\">  Gallica (Bibliot\u00e8que Nationale de France)<\/a>.<\/p>\n","protected":false},"excerpt":{"rendered":"<p>Biblioteca Nacional Digital de M\u00e9xico. \u00a0 INEGI. Biblioteca digital del ILCE. Biblioteca Miguel de Cervantes Sala Hisp\u00e1nica de Lectura. Biblioteca Digital de Teses e dissertacoes da UERJ Biblioteca Digital Hisp\u00e1nica. Biblioteca Virtual de Ciencias Sociales CLACSO Gallica (Bibliot\u00e8que Nationale de France).<\/p>\n","protected":false},"author":1,"featured_media":0,"parent":0,"menu_order":0,"comment_status":"closed","ping_status":"closed","template":"","meta":{"_acf_changed":false,"footnotes":""},"class_list":["post-244","page","type-page","status-publish","hentry"],"acf":[],"yoast_head":"<!-- This site is optimized with the Yoast SEO plugin v27.4 - https:\/\/yoast.com\/product\/yoast-seo-wordpress\/ -->\n<title>Bibliotecas virtuales - Biblioteca<\/title>\n<meta name=\"robots\" content=\"index, follow, max-snippet:-1, max-image-preview:large, max-video-preview:-1\" \/>\n<link rel=\"canonical\" href=\"https:\/\/biblioteca.ciesas.edu.mx\/?page_id=244\" \/>\n<meta property=\"og:locale\" content=\"es_ES\" \/>\n<meta property=\"og:type\" content=\"article\" \/>\n<meta property=\"og:title\" content=\"Bibliotecas virtuales - Biblioteca\" \/>\n<meta property=\"og:description\" content=\"Biblioteca Nacional Digital de M\u00e9xico. \u00a0 INEGI. Biblioteca digital del ILCE. Biblioteca Miguel de Cervantes Sala Hisp\u00e1nica de Lectura. Biblioteca Digital de Teses e dissertacoes da UERJ Biblioteca Digital Hisp\u00e1nica. Biblioteca Virtual de Ciencias Sociales CLACSO Gallica (Bibliot\u00e8que Nationale de France).\" \/>\n<meta property=\"og:url\" content=\"https:\/\/biblioteca.ciesas.edu.mx\/?page_id=244\" \/>\n<meta property=\"og:site_name\" content=\"Biblioteca\" \/>\n<meta name=\"twitter:card\" content=\"summary_large_image\" \/>\n<meta name=\"twitter:label1\" content=\"Tiempo de lectura\" \/>\n\t<meta name=\"twitter:data1\" content=\"1 minuto\" \/>\n<script type=\"application\/ld+json\" class=\"yoast-schema-graph\">{\"@context\":\"https:\\\/\\\/schema.org\",\"@graph\":[{\"@type\":\"WebPage\",\"@id\":\"https:\\\/\\\/biblioteca.ciesas.edu.mx\\\/?page_id=244\",\"url\":\"https:\\\/\\\/biblioteca.ciesas.edu.mx\\\/?page_id=244\",\"name\":\"Bibliotecas virtuales - Biblioteca\",\"isPartOf\":{\"@id\":\"https:\\\/\\\/biblioteca.ciesas.edu.mx\\\/#website\"},\"datePublished\":\"2024-01-13T18:20:54+00:00\",\"breadcrumb\":{\"@id\":\"https:\\\/\\\/biblioteca.ciesas.edu.mx\\\/?page_id=244#breadcrumb\"},\"inLanguage\":\"es\",\"potentialAction\":[{\"@type\":\"ReadAction\",\"target\":[\"https:\\\/\\\/biblioteca.ciesas.edu.mx\\\/?page_id=244\"]}]},{\"@type\":\"BreadcrumbList\",\"@id\":\"https:\\\/\\\/biblioteca.ciesas.edu.mx\\\/?page_id=244#breadcrumb\",\"itemListElement\":[{\"@type\":\"ListItem\",\"position\":1,\"name\":\"Home\",\"item\":\"https:\\\/\\\/biblioteca.ciesas.edu.mx\\\/\"},{\"@type\":\"ListItem\",\"position\":2,\"name\":\"Bibliotecas virtuales\"}]},{\"@type\":\"WebSite\",\"@id\":\"https:\\\/\\\/biblioteca.ciesas.edu.mx\\\/#website\",\"url\":\"https:\\\/\\\/biblioteca.ciesas.edu.mx\\\/\",\"name\":\"Biblioteca\",\"description\":\"Biblioteca\",\"potentialAction\":[{\"@type\":\"SearchAction\",\"target\":{\"@type\":\"EntryPoint\",\"urlTemplate\":\"https:\\\/\\\/biblioteca.ciesas.edu.mx\\\/?s={search_term_string}\"},\"query-input\":{\"@type\":\"PropertyValueSpecification\",\"valueRequired\":true,\"valueName\":\"search_term_string\"}}],\"inLanguage\":\"es\"}]}<\/script>\n<!-- \/ Yoast SEO plugin. -->","yoast_head_json":{"title":"Bibliotecas virtuales - Biblioteca","robots":{"index":"index","follow":"follow","max-snippet":"max-snippet:-1","max-image-preview":"max-image-preview:large","max-video-preview":"max-video-preview:-1"},"canonical":"https:\/\/biblioteca.ciesas.edu.mx\/?page_id=244","og_locale":"es_ES","og_type":"article","og_title":"Bibliotecas virtuales - Biblioteca","og_description":"Biblioteca Nacional Digital de M\u00e9xico. \u00a0 INEGI. Biblioteca digital del ILCE. Biblioteca Miguel de Cervantes Sala Hisp\u00e1nica de Lectura. Biblioteca Digital de Teses e dissertacoes da UERJ Biblioteca Digital Hisp\u00e1nica. Biblioteca Virtual de Ciencias Sociales CLACSO Gallica (Bibliot\u00e8que Nationale de France).","og_url":"https:\/\/biblioteca.ciesas.edu.mx\/?page_id=244","og_site_name":"Biblioteca","twitter_card":"summary_large_image","twitter_misc":{"Tiempo de lectura":"1 minuto"},"schema":{"@context":"https:\/\/schema.org","@graph":[{"@type":"WebPage","@id":"https:\/\/biblioteca.ciesas.edu.mx\/?page_id=244","url":"https:\/\/biblioteca.ciesas.edu.mx\/?page_id=244","name":"Bibliotecas virtuales - Biblioteca","isPartOf":{"@id":"https:\/\/biblioteca.ciesas.edu.mx\/#website"},"datePublished":"2024-01-13T18:20:54+00:00","breadcrumb":{"@id":"https:\/\/biblioteca.ciesas.edu.mx\/?page_id=244#breadcrumb"},"inLanguage":"es","potentialAction":[{"@type":"ReadAction","target":["https:\/\/biblioteca.ciesas.edu.mx\/?page_id=244"]}]},{"@type":"BreadcrumbList","@id":"https:\/\/biblioteca.ciesas.edu.mx\/?page_id=244#breadcrumb","itemListElement":[{"@type":"ListItem","position":1,"name":"Home","item":"https:\/\/biblioteca.ciesas.edu.mx\/"},{"@type":"ListItem","position":2,"name":"Bibliotecas virtuales"}]},{"@type":"WebSite","@id":"https:\/\/biblioteca.ciesas.edu.mx\/#website","url":"https:\/\/biblioteca.ciesas.edu.mx\/","name":"Biblioteca","description":"Biblioteca","potentialAction":[{"@type":"SearchAction","target":{"@type":"EntryPoint","urlTemplate":"https:\/\/biblioteca.ciesas.edu.mx\/?s={search_term_string}"},"query-input":{"@type":"PropertyValueSpecification","valueRequired":true,"valueName":"search_term_string"}}],"inLanguage":"es"}]}},"_links":{"self":[{"href":"https:\/\/biblioteca.ciesas.edu.mx\/index.php?rest_route=\/wp\/v2\/pages\/244","targetHints":{"allow":["GET"]}}],"collection":[{"href":"https:\/\/biblioteca.ciesas.edu.mx\/index.php?rest_route=\/wp\/v2\/pages"}],"about":[{"href":"https:\/\/biblioteca.ciesas.edu.mx\/index.php?rest_route=\/wp\/v2\/types\/page"}],"author":[{"embeddable":true,"href":"https:\/\/biblioteca.ciesas.edu.mx\/index.php?rest_route=\/wp\/v2\/users\/1"}],"replies":[{"embeddable":true,"href":"https:\/\/biblioteca.ciesas.edu.mx\/index.php?rest_route=%2Fwp%2Fv2%2Fcomments&post=244"}],"version-history":[{"count":0,"href":"https:\/\/biblioteca.ciesas.edu.mx\/index.php?rest_route=\/wp\/v2\/pages\/244\/revisions"}],"wp:attachment":[{"href":"https:\/\/biblioteca.ciesas.edu.mx\/index.php?rest_route=%2Fwp%2Fv2%2Fmedia&parent=244"}],"curies":[{"name":"wp","href":"https:\/\/api.w.org\/{rel}","templated":true}]}}