{"id":735,"date":"2024-04-07T00:33:06","date_gmt":"2024-04-07T00:33:06","guid":{"rendered":"https:\/\/biblioteca.ciesas.edu.mx\/?page_id=695"},"modified":"2024-04-07T00:33:06","modified_gmt":"2024-04-07T00:33:06","slug":"directorio2","status":"publish","type":"page","link":"https:\/\/biblioteca.ciesas.edu.mx\/?page_id=735","title":{"rendered":"Bibliotecas del CIESAS"},"content":{"rendered":"<p class=\"bibliotecas\" style=\"font-family:(--var:fuente-principal);\">El CIESAS cuenta con un sistema bibliotecario con siete bibliotecas especializadas en Antropolog\u00eda, Historia, Ling\u00fc\u00edstica y Ciencias Sociales en general, que resguardan un acervo bibliogr\u00e1fico y audiovisual de m\u00e1s de 305,000 vol\u00famenes, as\u00ed como una importante hemeroteca.<\/p>\n<p class=\"bibliotecas\">Contiene una de las m\u00e1s importantes colecciones del pa\u00eds en ciencias sociales y humanidades, particularmente sobre antropolog\u00eda, demograf\u00eda, desarrollo urbano, historia, ling\u00fc\u00edstica, literatura hisp\u00e1nica, pol\u00edtica, sociolog\u00eda y estudios de g\u00e9nero.<\/p>\n<p class=\"bibliotecas\">El material bibliogr\u00e1fico que se encuentra en nuestros acervos est\u00e1 clasificado y automatizado y sus cat\u00e1logos pueden ser consultados por cada biblioteca o en el cat\u00e1logo general que incluye los cat\u00e1logos de las siete bibliotecas.<br \/>\nConsultar la p\u00e1gina web de la instituci\u00f3n, bibliotecas o directamente en:\u00a0<a href=\"https:\/\/biblioteca.ciesas.edu.mx\/\">https:\/\/biblioteca.ciesas.edu.mx\/<\/a><\/p>\n<p class=\"bibliotecas\">Para consultar los datos y servicios de cada biblioteca, entre al recuadro que dice Bibliotecas o directamente a la liga:\u00a0<a href=\"https:\/\/biblioteca.ciesas.edu.mx\/index.php\/bibliotecas\">https:\/\/biblioteca.ciesas.edu.mx\/index.php\/bibliotecas<\/a><\/p>\n<div class=\"cargo\">\n<span style=\"color: #003366;\"><strong>Subdirecci\u00f3n de Bibliotecas<\/strong><\/span><br \/>\nXimena Gonz\u00e1lez Munizaga<a href=\"mailto:xgmuniza@ciesas.edu.mx\"> xgmuniza@ciesas.edu.mx<\/a>\n<\/div>\n<div class=\"accordion\">\n<div class=\"accordion-item\">\n<div class=\"accordion-header\" onclick=\"toggleAccordion(this)\">\n<h3 class=\"biblio-todas\"><span style=\"color: #003366;padding-left:5%;\">Biblioteca Ciudad de M\u00e9xico: <em>\u00c1ngel Palerm<\/em><\/span><\/h3>\n<\/p><\/div>\n<div class=\"accordion-content\">\n      Encargado: Ximena Gonz\u00e1lez Munizaga<br \/>\n      Direcci\u00f3n: Calle Ximilpa No. 39, Col. Tlalpan, Del. Tlalpan, C.P. 14000, M\u00e9xico D.F.<br \/>\n      Tel. (55) 54574282<br \/>\n      Horario Usuarios Internos: 8:30 A.M. a 18:45 P.M. de lunes a viernes<br \/>\n      Horario P\u00fablico en general: 8:30 a.m. a 15:30 p.m. de lunes a viernes<\/p>\n<p>      <strong>Atenci\u00f3n al P\u00fablico:<\/strong><br \/>\n      Yadira Lazcano Leyva\u00a0<a href=\"mailto:apalerm@ciesas.edu.mx\">apalerm@ciesas.edu.mx<\/a><br \/>\n      Beatriz Quevedo Gardu\u00f1o.\u00a0<a href=\"mailto:apalerm@ciesas.edu.mx\">apalerm@ciesas.edu.mx<\/a><br \/>\n      Marco Antonio Garc\u00eda L\u00f3pez <a href=\"mailto:mgarcial@ciesas.edu.nx\">mgarcial@ciesas.edu.nx<\/a><br \/>\n      Germ\u00e1n Mej\u00eda Puche <a href=\"mailto:german.mejia@ciesas.edu.mx\">german.mejia@ciesas.edu.mx<\/a><\/p>\n<p>      <strong>Servicios que ofrece la biblioteca:<\/strong><\/p>\n<p style=\"padding-left: 40px;\">Pr\u00e9stamo en sala<br \/>\n        Pr\u00e9stamo a domicilio<br \/>\n        Pr\u00e9stamo interbibliotecario<br \/>\n        \u00c1rea de consulta y sala de lectura<br \/>\n        Fotocopiado<br \/>\n        Lector de Microfilms<br \/>\n        Internet Inal\u00e1mbrico<br \/>\n        Cub\u00edculo de estudio<\/p>\n<p style=\"text-align: left; padding-left: 40px;\"><a\n          href=\"https:\/\/aleph.ciesas.edu.mx\/F\/MVRMD87NNESCE9ISP4C4JR58FTGB325SX1468MBF7KQ6KJ8J5T-19060?func=find-b-0&amp;local_base=DF\">https:\/\/aleph.ciesas.edu.mx\/F\/MVRMD87NNESCE9ISP4C4JR58FTGB325SX1468MBF7KQ6KJ8J5T-19060?func=find-b-0&amp;local_base=DF<\/a>\n      <\/p>\n<\/p><\/div>\n<\/p><\/div>\n<div class=\"accordion-item\">\n<div class=\"accordion-header\" onclick=\"toggleAccordion(this)\">\n<h3 class=\"biblio-todas\"><span style=\"color: #003366;padding-left:5%;\"><strong>Biblioteca Golfo: <em>Gonzalo Aguirre Beltr\u00e1n<\/em><\/strong><\/span><\/h3>\n<\/p><\/div>\n<div class=\"accordion-content\">\n      Jefea de Biblioteca: Blanca Estela Torres Reyes<br \/>\n      Direcci\u00f3n: Av. Encanto s\/n Esq. Antonio Nava, Col. El Mirador, C.P. 91170, Xalapa Veracruz.<br \/>\n      Tel: (55) 54574282<br \/>\n      Horario: 8:00 A.M. a 18:00 P.M. de lunes a viernes<\/p>\n<p>      <strong>Atenci\u00f3n al p\u00fablico:<\/strong><br \/>\n      Julio Antonio Garc\u00eda Palermo <a href=\"mailto:julangapa@ciesas.edu.mx\">julangapa@ciesas.edu.mx<\/a><\/p>\n<p>      <strong>Servicios que ofrece la biblioteca:<\/strong><\/p>\n<p style=\"padding-left: 40px;\">Pr\u00e9stamo en sala<br \/>\n        Pr\u00e9stamo a domicilio<br \/>\n        Pr\u00e9stamo interbibliotecario<br \/>\n        \u00c1rea de consulta y sala de lectura<br \/>\n        Fotocopiado (el usuario lo realiza)<br \/>\n        Sala de video<br \/>\n        Internet inal\u00e1mbrico<br \/>\n        Lector de microfilm con impresora inal\u00e1mbrica<\/p>\n<p style=\"padding-left: 40px;\"><a\n          href=\"https:\/\/aleph.ciesas.edu.mx\/F\/MVRMD87NNESCE9ISP4C4JR58FTGB325SX1468MBF7KQ6KJ8J5T-19296?func=find-b-0&amp;local_base=GOLFO\">https:\/\/aleph.ciesas.edu.mx\/F\/MVRMD87NNESCE9ISP4C4JR58FTGB325SX1468MBF7KQ6KJ8J5T-19296?func=find-b-0&amp;local_base=GOLFO<\/a>\n      <\/p>\n<\/p><\/div>\n<\/p><\/div>\n<div class=\"accordion-item\">\n<div class=\"accordion-header\" onclick=\"toggleAccordion(this)\">\n<h3 class=\"biblio-todas\"><span style=\"color: #003366;padding-left:5%;\">Biblioteca Pacifico Sur: <em>Salom\u00f3n Nahmad<\/em><\/span><\/h3>\n<\/p><\/div>\n<div class=\"accordion-content\">\n<p>      Jefa de Biblioteca: Mar\u00eda de los \u00c1ngeles R\u00edos Hern\u00e1ndez<br \/>\n      Direcci\u00f3n: Prolongaci\u00f3n Calle Mirador de la Ex Hacienda de Aguilera C.P. 68024, Oaxaca de Ju\u00e1rez, Oax.<br \/>\n      Tel: (55) 54574282<br \/>\n      Horario: de 9.00 A.M. a 17.00 P.M. de lunes a viernes<\/p>\n<p>      Atenci\u00f3n al p\u00fablico:<br \/>\n      Mar\u00eda de los \u00c1ngeles R\u00edos Hern\u00e1ndez\u00a0<a href=\"mailto:biboaxa@ciesas.edu.mx\">biboaxa@ciesas.edu.mx<\/a><br \/>\n      Miguel \u00c1ngel L\u00f3pez Alvarado\u00a0\u00a0<a href=\"mailto:auxbiboax@ciesas.edu.mx\">auxbiboax@ciesas.edu.mx<\/a><\/p>\n<p>      Servicios que ofrece la biblioteca:<\/p>\n<p style=\"padding-left: 40px;\">Pr\u00e9stamo interbibliotecario<br \/>\n        Pr\u00e9stamo a domicilio<br \/>\n        Pr\u00e9stamo en Sala<br \/>\n        Internet inal\u00e1mbrico<\/p>\n<\/p><\/div>\n<\/p><\/div>\n<div class=\"accordion-item\">\n<div class=\"accordion-header\" onclick=\"toggleAccordion(this)\">\n<h3 class=\"biblio-todas\"><span style=\"color: #003366;padding-left:5%;\">Biblioteca Occidente: <em>Carmen Casta\u00f1eda Garc\u00eda<\/em><\/span><br \/>\n      <\/h3>\n<\/p><\/div>\n<div class=\"accordion-content\">\n      Jefe de Biblioteca: Mtro. Jorge Barahona Vel\u00e1zquez<br \/>\n      Direcci\u00f3n: Av. Alemania 1626, Col. Moderna, C.P. 44190, Guadalajara, Jal.<br \/>\n      Tel: (55) 54574282<br \/>\n      Horario: 8:30 A.M. a 17:00 P.M. de lunes a viernes<\/p>\n<p>      <strong>Atenci\u00f3n al p\u00fablico:<\/strong><br \/>\n      Mtro. Jorge Barahona Vel\u00e1zquez <a href=\"mailto:jbarahona@ciesas.edu.mx\">jbarahona@ciesas.edu.mx<\/a><br \/>\n      Elizabeth Rosales <a href=\"mailto:elizabeth@ciesas.edu.mx\">elizabeth@ciesas.edu.mx<\/a><\/p>\n<p>      <strong>Servicios que ofrece la biblioteca:<\/strong><\/p>\n<p style=\"padding-left: 40px;\">Pr\u00e9stamo en sala<br \/>\n        Pr\u00e9stamo a domicilio<br \/>\n        Pr\u00e9stamo interbibliotecario<br \/>\n        \u00c1rea de consulta y sala de lectura<br \/>\n        Internet inal\u00e1mbrico<\/p>\n<p style=\"padding-left: 40px;\"><a\n          href=\"https:\/\/aleph.ciesas.edu.mx\/F\/MVRMD87NNESCE9ISP4C4JR58FTGB325SX1468MBF7KQ6KJ8J5T-19690?func=find-b-0&amp;local_base=OCCIDENTE\">https:\/\/aleph.ciesas.edu.mx\/F\/MVRMD87NNESCE9ISP4C4JR58FTGB325SX1468MBF7KQ6KJ8J5T-19690?func=find-b-0&amp;local_base=OCCIDENTE<\/a>\n      <\/p>\n<\/p><\/div>\n<\/p><\/div>\n<div class=\"accordion-item\">\n<div class=\"accordion-header\" onclick=\"toggleAccordion(this)\">\n<h3 class=\"biblio-todas\"><span style=\"color: #003366;padding-left:5%;\"><strong>Biblioteca Sureste: <em>Jan de Vos<\/em><\/strong><\/span><\/h3>\n<\/p><\/div>\n<div class=\"accordion-content\">\n<p>      Jefe de Biblioteca: Oscar Rom\u00e1n L\u00f3pez Roblero<br \/>\n      Direcci\u00f3n: Carr. San Crist\u00f3bal- San Juan Chamula, Km 3.5 Barrio Quinta San Mart\u00edn C.P. 29247 San Crist\u00f3bal de las<br \/>\n      Casas, Chiapas<br \/>\n      Tel: (55) 54574282<br \/>\n      Horario: 9:00 A.M. a 17:00 P.M. de lunes a viernes<\/p>\n<p>      <strong>Atenci\u00f3n al p\u00fablico:<\/strong><br \/>\n      Oscar Rom\u00e1n L\u00f3pez Roblero <a href=\"mailto:olopez@ciesas.edu.mx\">olopez@ciesas.edu.mx<\/a><br \/>\n      Rey Alba Mendoza <a href=\"mailto:reyalba@ciesas.edu.mx\">reyalba@ciesas.edu.mx<\/a><\/p>\n<p>      <strong>Servicios que ofrece la biblioteca:<\/strong><\/p>\n<p style=\"padding-left: 40px;\">Pr\u00e9stamo en sala<br \/>\n        Pr\u00e9stamo a domicilio<br \/>\n        Pr\u00e9stamo interbibliotecario<br \/>\n        \u00c1rea de consulta y sala de lectura<br \/>\n        Cub\u00edculos de estudio<br \/>\n        Esc\u00e1ner<br \/>\n        Internet inal\u00e1mbrico<\/p>\n<p style=\"padding-left: 40px;\"><a\n          href=\"https:\/\/aleph.ciesas.edu.mx\/F\/MVRMD87NNESCE9ISP4C4JR58FTGB325SX1468MBF7KQ6KJ8J5T-19829?func=find-b-0&amp;local_base=SURESTE\">https:\/\/aleph.ciesas.edu.mx\/F\/MVRMD87NNESCE9ISP4C4JR58FTGB325SX1468MBF7KQ6KJ8J5T-19829?func=find-b-0&amp;local_base=SURESTE<\/a>\n      <\/p>\n<p>      &nbsp;\n    <\/p><\/div>\n<\/p><\/div>\n<div class=\"accordion-item\">\n<div class=\"accordion-header\" onclick=\"toggleAccordion(this)\">\n<h3 class=\"biblio-todas\"><span style=\"color: #003366;padding-left:5%;\">Biblioteca Peninsular: <em>Stella Mar\u00eda Gonz\u00e1lez Cicero<\/em><\/span><\/h3>\n<\/p><\/div>\n<div class=\"accordion-content\">\n<p>      Encargado (a) Christian Cardoso Espinoza<br \/>\n      Direcci\u00f3n: Kilometro 5.5 carretera Sierra Papacal Chuburn\u00e1 puerto C.P. 97302, M\u00e9rida, Yucat\u00e1n<br \/>\n      Tel: (55) 54574282<br \/>\n      Horario: 8:00 a.m. a 14:00 p.m. de lunes a viernes<\/p>\n<p>      <strong>Atenci\u00f3n al p\u00fablico:<\/strong><br \/>\n      Christian Cardoso <a href=\"mailto:bibliopeninsu@ciesas.edu.mx\">bibliopeninsu@ciesas.edu.mx<\/a><br \/>\n      C.P. Claudia Leticia P\u00e1ez Ruiz <a href=\"mailto:bibliopeninsu@ciesas.edu.mx\">bibliopeninsu@ciesas.edu.mx<\/a><\/p>\n<p>      <strong>Servicios que ofrece la biblioteca:<\/strong><\/p>\n<p style=\"padding-left: 40px;\">Pr\u00e9stamo en sala<br \/>\n        Pr\u00e9stamo a domicilio<br \/>\n        Pr\u00e9stamo interbibliotecario<br \/>\n        \u00c1rea de consulta y sala de lectura<br \/>\n        Esc\u00e1ner<br \/>\n        Fotocopiado<br \/>\n        Internet inal\u00e1mbrico<\/p>\n<p style=\"padding-left: 40px;\"><a\n          href=\"https:\/\/aleph.ciesas.edu.mx\/F\/MVRMD87NNESCE9ISP4C4JR58FTGB325SX1468MBF7KQ6KJ8J5T-20133?func=find-b-0&amp;local_base=PENINSULA\">https:\/\/aleph.ciesas.edu.mx\/F\/MVRMD87NNESCE9ISP4C4JR58FTGB325SX1468MBF7KQ6KJ8J5T-20133?func=find-b-0&amp;local_base=PENINSULA<\/a>\n      <\/p>\n<\/p><\/div>\n<\/p><\/div>\n<div class=\"accordion-item\">\n<div class=\"accordion-header\" onclick=\"toggleAccordion(this)\">\n<h3 class=\"biblio-todas\"><span style=\"color: #003366;padding-left:5%;\">Biblioteca Noreste: <em>Juan Luis Sariego<\/em><\/span><\/h3>\n<\/p><\/div>\n<div class=\"accordion-content\">\n<p>      Encargado Jorge A. Esparza Ramos<br \/>\n      Direcci\u00f3n: Morelos 822 Ote., entre Diego de Montemayor y Dr. Coss, Barrio Antiguo, Centro, C.P. 64000 Monterrey N.L.<br \/>\n      Tel: (55) 54574282<br \/>\n      Horario: 9:00 a.m. a 17:00 p.m. de lunes a viernes<\/p>\n<p>      <strong>Atenci\u00f3n al p\u00fablico:<\/strong><br \/>\n      Jorge A. Esparza Ramos <a href=\"mailto:biblioteca.noreste@ciesas.edu.mx\">biblioteca.noreste@ciesas.edu.mx<\/a><\/p>\n<p>      <strong>Servicios que ofrece la biblioteca:<\/strong><\/p>\n<p style=\"padding-left: 40px;\">Pr\u00e9stamo en sala<br \/>\n        \u00c1rea de consulta y sala de lectura<\/p>\n<p style=\"padding-left: 40px;\"><a\n          href=\"https:\/\/aleph.ciesas.edu.mx\/F\/MVRMD87NNESCE9ISP4C4JR58FTGB325SX1468MBF7KQ6KJ8J5T-20277?func=find-b-0&amp;local_base=NORESTE\">https:\/\/aleph.ciesas.edu.mx\/F\/MVRMD87NNESCE9ISP4C4JR58FTGB325SX1468MBF7KQ6KJ8J5T-20277?func=find-b-0&amp;local_base=NORESTE<\/a>\n      <\/p>\n<\/p><\/div>\n<\/p><\/div>\n<p><script type=\"text\/javascript\">\n    function toggleAccordion(header) {\n      var accordionItem = header.parentNode;\n      accordionItem.classList.toggle('active');\n    }\n<\/script><\/p>\n<\/div>\n","protected":false},"excerpt":{"rendered":"<p>El CIESAS cuenta con un sistema bibliotecario con siete bibliotecas especializadas en Antropolog\u00eda, Historia, Ling\u00fc\u00edstica y Ciencias Sociales en general, que resguardan un acervo bibliogr\u00e1fico y audiovisual de m\u00e1s de 305,000 vol\u00famenes, as\u00ed como una importante hemeroteca. Contiene una de las m\u00e1s importantes colecciones del pa\u00eds en ciencias sociales y humanidades, particularmente sobre antropolog\u00eda, demograf\u00eda, [&hellip;]<\/p>\n","protected":false},"author":1,"featured_media":0,"parent":0,"menu_order":0,"comment_status":"closed","ping_status":"closed","template":"","meta":{"_acf_changed":false,"footnotes":""},"class_list":["post-735","page","type-page","status-publish","hentry"],"acf":[],"yoast_head":"<!-- This site is optimized with the Yoast SEO plugin v27.4 - https:\/\/yoast.com\/product\/yoast-seo-wordpress\/ -->\n<title>Bibliotecas del CIESAS - Biblioteca<\/title>\n<meta name=\"robots\" content=\"index, follow, max-snippet:-1, max-image-preview:large, max-video-preview:-1\" \/>\n<link rel=\"canonical\" href=\"https:\/\/biblioteca.ciesas.edu.mx\/?page_id=735\" \/>\n<meta property=\"og:locale\" content=\"es_ES\" \/>\n<meta property=\"og:type\" content=\"article\" \/>\n<meta property=\"og:title\" content=\"Bibliotecas del CIESAS - Biblioteca\" \/>\n<meta property=\"og:description\" content=\"El CIESAS cuenta con un sistema bibliotecario con siete bibliotecas especializadas en Antropolog\u00eda, Historia, Ling\u00fc\u00edstica y Ciencias Sociales en general, que resguardan un acervo bibliogr\u00e1fico y audiovisual de m\u00e1s de 305,000 vol\u00famenes, as\u00ed como una importante hemeroteca. Contiene una de las m\u00e1s importantes colecciones del pa\u00eds en ciencias sociales y humanidades, particularmente sobre antropolog\u00eda, demograf\u00eda, [&hellip;]\" \/>\n<meta property=\"og:url\" content=\"https:\/\/biblioteca.ciesas.edu.mx\/?page_id=735\" \/>\n<meta property=\"og:site_name\" content=\"Biblioteca\" \/>\n<meta name=\"twitter:card\" content=\"summary_large_image\" \/>\n<meta name=\"twitter:label1\" content=\"Tiempo de lectura\" \/>\n\t<meta name=\"twitter:data1\" content=\"4 minutos\" \/>\n<script type=\"application\/ld+json\" class=\"yoast-schema-graph\">{\"@context\":\"https:\\\/\\\/schema.org\",\"@graph\":[{\"@type\":\"WebPage\",\"@id\":\"https:\\\/\\\/biblioteca.ciesas.edu.mx\\\/?page_id=735\",\"url\":\"https:\\\/\\\/biblioteca.ciesas.edu.mx\\\/?page_id=735\",\"name\":\"Bibliotecas del CIESAS - Biblioteca\",\"isPartOf\":{\"@id\":\"https:\\\/\\\/biblioteca.ciesas.edu.mx\\\/#website\"},\"datePublished\":\"2024-04-07T00:33:06+00:00\",\"breadcrumb\":{\"@id\":\"https:\\\/\\\/biblioteca.ciesas.edu.mx\\\/?page_id=735#breadcrumb\"},\"inLanguage\":\"es\",\"potentialAction\":[{\"@type\":\"ReadAction\",\"target\":[\"https:\\\/\\\/biblioteca.ciesas.edu.mx\\\/?page_id=735\"]}]},{\"@type\":\"BreadcrumbList\",\"@id\":\"https:\\\/\\\/biblioteca.ciesas.edu.mx\\\/?page_id=735#breadcrumb\",\"itemListElement\":[{\"@type\":\"ListItem\",\"position\":1,\"name\":\"Home\",\"item\":\"https:\\\/\\\/biblioteca.ciesas.edu.mx\\\/\"},{\"@type\":\"ListItem\",\"position\":2,\"name\":\"Bibliotecas del CIESAS\"}]},{\"@type\":\"WebSite\",\"@id\":\"https:\\\/\\\/biblioteca.ciesas.edu.mx\\\/#website\",\"url\":\"https:\\\/\\\/biblioteca.ciesas.edu.mx\\\/\",\"name\":\"Biblioteca\",\"description\":\"Biblioteca\",\"potentialAction\":[{\"@type\":\"SearchAction\",\"target\":{\"@type\":\"EntryPoint\",\"urlTemplate\":\"https:\\\/\\\/biblioteca.ciesas.edu.mx\\\/?s={search_term_string}\"},\"query-input\":{\"@type\":\"PropertyValueSpecification\",\"valueRequired\":true,\"valueName\":\"search_term_string\"}}],\"inLanguage\":\"es\"}]}<\/script>\n<!-- \/ Yoast SEO plugin. -->","yoast_head_json":{"title":"Bibliotecas del CIESAS - Biblioteca","robots":{"index":"index","follow":"follow","max-snippet":"max-snippet:-1","max-image-preview":"max-image-preview:large","max-video-preview":"max-video-preview:-1"},"canonical":"https:\/\/biblioteca.ciesas.edu.mx\/?page_id=735","og_locale":"es_ES","og_type":"article","og_title":"Bibliotecas del CIESAS - Biblioteca","og_description":"El CIESAS cuenta con un sistema bibliotecario con siete bibliotecas especializadas en Antropolog\u00eda, Historia, Ling\u00fc\u00edstica y Ciencias Sociales en general, que resguardan un acervo bibliogr\u00e1fico y audiovisual de m\u00e1s de 305,000 vol\u00famenes, as\u00ed como una importante hemeroteca. Contiene una de las m\u00e1s importantes colecciones del pa\u00eds en ciencias sociales y humanidades, particularmente sobre antropolog\u00eda, demograf\u00eda, [&hellip;]","og_url":"https:\/\/biblioteca.ciesas.edu.mx\/?page_id=735","og_site_name":"Biblioteca","twitter_card":"summary_large_image","twitter_misc":{"Tiempo de lectura":"4 minutos"},"schema":{"@context":"https:\/\/schema.org","@graph":[{"@type":"WebPage","@id":"https:\/\/biblioteca.ciesas.edu.mx\/?page_id=735","url":"https:\/\/biblioteca.ciesas.edu.mx\/?page_id=735","name":"Bibliotecas del CIESAS - Biblioteca","isPartOf":{"@id":"https:\/\/biblioteca.ciesas.edu.mx\/#website"},"datePublished":"2024-04-07T00:33:06+00:00","breadcrumb":{"@id":"https:\/\/biblioteca.ciesas.edu.mx\/?page_id=735#breadcrumb"},"inLanguage":"es","potentialAction":[{"@type":"ReadAction","target":["https:\/\/biblioteca.ciesas.edu.mx\/?page_id=735"]}]},{"@type":"BreadcrumbList","@id":"https:\/\/biblioteca.ciesas.edu.mx\/?page_id=735#breadcrumb","itemListElement":[{"@type":"ListItem","position":1,"name":"Home","item":"https:\/\/biblioteca.ciesas.edu.mx\/"},{"@type":"ListItem","position":2,"name":"Bibliotecas del CIESAS"}]},{"@type":"WebSite","@id":"https:\/\/biblioteca.ciesas.edu.mx\/#website","url":"https:\/\/biblioteca.ciesas.edu.mx\/","name":"Biblioteca","description":"Biblioteca","potentialAction":[{"@type":"SearchAction","target":{"@type":"EntryPoint","urlTemplate":"https:\/\/biblioteca.ciesas.edu.mx\/?s={search_term_string}"},"query-input":{"@type":"PropertyValueSpecification","valueRequired":true,"valueName":"search_term_string"}}],"inLanguage":"es"}]}},"_links":{"self":[{"href":"https:\/\/biblioteca.ciesas.edu.mx\/index.php?rest_route=\/wp\/v2\/pages\/735","targetHints":{"allow":["GET"]}}],"collection":[{"href":"https:\/\/biblioteca.ciesas.edu.mx\/index.php?rest_route=\/wp\/v2\/pages"}],"about":[{"href":"https:\/\/biblioteca.ciesas.edu.mx\/index.php?rest_route=\/wp\/v2\/types\/page"}],"author":[{"embeddable":true,"href":"https:\/\/biblioteca.ciesas.edu.mx\/index.php?rest_route=\/wp\/v2\/users\/1"}],"replies":[{"embeddable":true,"href":"https:\/\/biblioteca.ciesas.edu.mx\/index.php?rest_route=%2Fwp%2Fv2%2Fcomments&post=735"}],"version-history":[{"count":0,"href":"https:\/\/biblioteca.ciesas.edu.mx\/index.php?rest_route=\/wp\/v2\/pages\/735\/revisions"}],"wp:attachment":[{"href":"https:\/\/biblioteca.ciesas.edu.mx\/index.php?rest_route=%2Fwp%2Fv2%2Fmedia&parent=735"}],"curies":[{"name":"wp","href":"https:\/\/api.w.org\/{rel}","templated":true}]}}